{"id":105,"date":"2026-03-13T18:30:03","date_gmt":"2026-03-13T18:30:03","guid":{"rendered":"https:\/\/tutti-rc-liquids.shop\/?post_type=product&#038;p=105"},"modified":"2026-04-17T15:09:00","modified_gmt":"2026-04-17T15:09:00","slug":"ohne-aroma-fertig-liquid-kopie","status":"publish","type":"product","link":"https:\/\/tutti-rc-liquids.shop\/en\/product\/ohne-aroma-fertig-liquid-kopie\/","title":{"rendered":"Ohne Aroma Fertig Liquid"},"content":{"rendered":"<p data-start=\"173\" data-end=\"388\">Unser hochwertiges Base Liquid bietet eine besonders reine und neutrale Grundlage f\u00fcr individuelle Dampferlebnisse. Die sorgf\u00e4ltig abgestimmte Rezeptur sorgt f\u00fcr eine klare, geruchsneutrale Basis ohne eigenes Aroma.<\/p>\n<p data-start=\"390\" data-end=\"694\">Das Liquid ist bereits dampfbereit und enth\u00e4lt <strong data-start=\"437\" data-end=\"461\">20 % Wirkstoffanteil<\/strong>, wodurch ein intensives und gleichm\u00e4\u00dfiges Dampferlebnis entsteht. Dank der hochwertigen Zusammensetzung eignet sich diese Base ideal, um <strong data-start=\"599\" data-end=\"693\">eigene Aromen nach Belieben hinzuzuf\u00fcgen und individuelle Geschmacksrichtungen zu kreieren<\/strong>.<\/p>\n<p data-start=\"696\" data-end=\"842\">Die neutrale Basis erm\u00f6glicht es, das Liquid perfekt an pers\u00f6nliche Vorlieben anzupassen \u2013 egal ob fruchtig, s\u00fc\u00df, frisch oder komplett ohne Aroma.<\/p>\n<hr data-start=\"844\" data-end=\"847\" \/>\n<h2 data-section-id=\"1y9knfg\" data-start=\"849\" data-end=\"876\">Neutral \u2013 Frei von Aroma<\/h2>\n<p data-start=\"878\" data-end=\"1034\">Dieses Liquid ist <strong data-start=\"896\" data-end=\"942\">fast geruchs- und geschmacksneutral<\/strong>. Es wurde speziell daf\u00fcr entwickelt, als hochwertige Basis f\u00fcr eigene Mischungen zu dienen.<\/p>\n<p data-start=\"1036\" data-end=\"1191\">So k\u00f6nnen Sie Ihr pers\u00f6nliches Dampferlebnis gestalten, indem Sie <strong data-start=\"1102\" data-end=\"1152\">Aromen oder Konzentrate nach Wunsch hinzuf\u00fcgen<\/strong> und Ihr individuelles Liquid kreieren.<\/p>\n<hr data-start=\"1193\" data-end=\"1196\" \/>\n<h2 data-section-id=\"1x1ierp\" data-start=\"1198\" data-end=\"1214\">Eigenschaften<\/h2>\n<ul data-start=\"1216\" data-end=\"1438\">\n<li data-section-id=\"xosope\" data-start=\"1216\" data-end=\"1245\">\n<p data-start=\"1218\" data-end=\"1245\">Dampffertiges Base Liquid<\/p>\n<\/li>\n<li data-section-id=\"bqy55r\" data-start=\"1246\" data-end=\"1284\">\n<p data-start=\"1248\" data-end=\"1284\"><strong data-start=\"1248\" data-end=\"1282\">fast Geruchs- und geschmacksneutral<\/strong><\/p>\n<\/li>\n<li data-section-id=\"cm5ae3\" data-start=\"1285\" data-end=\"1313\">\n<p data-start=\"1287\" data-end=\"1313\"><strong data-start=\"1287\" data-end=\"1311\">20 % Wirkstoffanteil<\/strong><\/p>\n<\/li>\n<li data-section-id=\"z4nysr\" data-start=\"1314\" data-end=\"1356\">\n<p data-start=\"1316\" data-end=\"1356\">Perfekt zum <strong data-start=\"1328\" data-end=\"1354\">Mischen eigener Aromen<\/strong><\/p>\n<\/li>\n<li data-section-id=\"g5sv4m\" data-start=\"1357\" data-end=\"1403\">\n<p data-start=\"1359\" data-end=\"1403\">Gleichm\u00e4\u00dfiges und angenehmes Dampferlebnis<\/p>\n<\/li>\n<li data-section-id=\"lvcflm\" data-start=\"1404\" data-end=\"1438\">\n<p data-start=\"1406\" data-end=\"1438\">Hochwertige und reine Rezeptur<\/p>\n<\/li>\n<\/ul>","protected":false},"excerpt":{"rendered":"<p data-start=\"0\" data-end=\"137\">Unser hochwertiges Base Liquid bietet eine reine und fast geruchs- sowie geschmacksneutrale Grundlage f\u00fcr individuelle Dampferlebnisse.<\/p>\n<p data-start=\"139\" data-end=\"411\" data-is-last-node=\"\" data-is-only-node=\"\">Das Liquid ist bereits dampfbereit und enth\u00e4lt <strong data-start=\"186\" data-end=\"210\">20 % Wirkstoffanteil<\/strong>, wodurch ein gleichm\u00e4\u00dfiges und intensives Dampferlebnis entsteht. Dank der neutralen Basis k\u00f6nnen <strong data-start=\"309\" data-end=\"362\">Aromen nach Belieben hinzugef\u00fcgt<\/strong> werden, um den Geschmack individuell anzupassen.<\/p>","protected":false},"featured_media":112,"comment_status":"open","ping_status":"closed","template":"","meta":{"_uag_custom_page_level_css":"","_monsterinsights_skip_tracking":false,"_monsterinsights_sitenote_active":false,"_monsterinsights_sitenote_note":"","_monsterinsights_sitenote_category":0,"_themeisle_gutenberg_block_has_review":false},"product_brand":[],"product_cat":[39],"product_tag":[35,41,36,40],"class_list":{"0":"post-105","1":"product","2":"type-product","3":"status-publish","4":"has-post-thumbnail","6":"product_cat-fertig-liquids","7":"product_tag-c-liquid","8":"product_tag-fertig-liquid","9":"product_tag-liquid","10":"product_tag-ohne-aroma","12":"first","13":"instock","14":"sale","15":"shipping-taxable","16":"purchasable","17":"product-type-variable"},"uagb_featured_image_src":{"full":["https:\/\/tutti-rc-liquids.shop\/wp-content\/uploads\/2026\/03\/ChatGPT-Image-13.-Maerz-2026-19_32_35.png",1024,1536,false],"thumbnail":["https:\/\/tutti-rc-liquids.shop\/wp-content\/uploads\/2026\/03\/ChatGPT-Image-13.-Maerz-2026-19_32_35-150x150.png",150,150,true],"medium":["https:\/\/tutti-rc-liquids.shop\/wp-content\/uploads\/2026\/03\/ChatGPT-Image-13.-Maerz-2026-19_32_35-200x300.png",200,300,true],"medium_large":["https:\/\/tutti-rc-liquids.shop\/wp-content\/uploads\/2026\/03\/ChatGPT-Image-13.-Maerz-2026-19_32_35-768x1152.png",768,1152,true],"large":["https:\/\/tutti-rc-liquids.shop\/wp-content\/uploads\/2026\/03\/ChatGPT-Image-13.-Maerz-2026-19_32_35-683x1024.png",683,1024,true],"1536x1536":["https:\/\/tutti-rc-liquids.shop\/wp-content\/uploads\/2026\/03\/ChatGPT-Image-13.-Maerz-2026-19_32_35.png",1024,1536,false],"2048x2048":["https:\/\/tutti-rc-liquids.shop\/wp-content\/uploads\/2026\/03\/ChatGPT-Image-13.-Maerz-2026-19_32_35.png",1024,1536,false],"trp-custom-language-flag":["https:\/\/tutti-rc-liquids.shop\/wp-content\/uploads\/2026\/03\/ChatGPT-Image-13.-Maerz-2026-19_32_35-8x12.png",8,12,true],"mailpoet_newsletter_max":["https:\/\/tutti-rc-liquids.shop\/wp-content\/uploads\/2026\/03\/ChatGPT-Image-13.-Maerz-2026-19_32_35.png",1024,1536,false],"woocommerce_thumbnail":["https:\/\/tutti-rc-liquids.shop\/wp-content\/uploads\/2026\/03\/ChatGPT-Image-13.-Maerz-2026-19_32_35-300x300.png",300,300,true],"woocommerce_single":["https:\/\/tutti-rc-liquids.shop\/wp-content\/uploads\/2026\/03\/ChatGPT-Image-13.-Maerz-2026-19_32_35-600x900.png",600,900,true],"woocommerce_gallery_thumbnail":["https:\/\/tutti-rc-liquids.shop\/wp-content\/uploads\/2026\/03\/ChatGPT-Image-13.-Maerz-2026-19_32_35-100x100.png",100,100,true]},"uagb_author_info":{"display_name":"TuttiRC","author_link":"https:\/\/tutti-rc-liquids.shop\/en\/author\/"},"uagb_comment_info":2,"uagb_excerpt":"Unser hochwertiges Base Liquid bietet eine reine und fast geruchs- sowie geschmacksneutrale Grundlage f\u00fcr individuelle Dampferlebnisse. Das Liquid ist bereits dampfbereit und enth\u00e4lt 20 % Wirkstoffanteil, wodurch ein gleichm\u00e4\u00dfiges und intensives Dampferlebnis entsteht. Dank der neutralen Basis k\u00f6nnen Aromen nach Belieben hinzugef\u00fcgt werden, um den Geschmack individuell anzupassen.","jetpack_sharing_enabled":true,"_links":{"self":[{"href":"https:\/\/tutti-rc-liquids.shop\/en\/wp-json\/wp\/v2\/product\/105","targetHints":{"allow":["GET"]}}],"collection":[{"href":"https:\/\/tutti-rc-liquids.shop\/en\/wp-json\/wp\/v2\/product"}],"about":[{"href":"https:\/\/tutti-rc-liquids.shop\/en\/wp-json\/wp\/v2\/types\/product"}],"replies":[{"embeddable":true,"href":"https:\/\/tutti-rc-liquids.shop\/en\/wp-json\/wp\/v2\/comments?post=105"}],"wp:featuredmedia":[{"embeddable":true,"href":"https:\/\/tutti-rc-liquids.shop\/en\/wp-json\/wp\/v2\/media\/112"}],"wp:attachment":[{"href":"https:\/\/tutti-rc-liquids.shop\/en\/wp-json\/wp\/v2\/media?parent=105"}],"wp:term":[{"taxonomy":"product_brand","embeddable":true,"href":"https:\/\/tutti-rc-liquids.shop\/en\/wp-json\/wp\/v2\/product_brand?post=105"},{"taxonomy":"product_cat","embeddable":true,"href":"https:\/\/tutti-rc-liquids.shop\/en\/wp-json\/wp\/v2\/product_cat?post=105"},{"taxonomy":"product_tag","embeddable":true,"href":"https:\/\/tutti-rc-liquids.shop\/en\/wp-json\/wp\/v2\/product_tag?post=105"}],"curies":[{"name":"wp","href":"https:\/\/api.w.org\/{rel}","templated":true}]}}