{"id":67,"date":"2026-03-13T11:20:30","date_gmt":"2026-03-13T11:20:30","guid":{"rendered":"https:\/\/tutti-rc-liquids.shop\/?post_type=product&#038;p=67"},"modified":"2026-04-19T20:08:38","modified_gmt":"2026-04-19T20:08:38","slug":"rc-liquid-konzentrat","status":"publish","type":"product","link":"https:\/\/tutti-rc-liquids.shop\/en\/product\/rc-liquid-konzentrat\/","title":{"rendered":"RC-Liquid Konzentrat"},"content":{"rendered":"<p data-start=\"126\" data-end=\"321\">Unser hochwertiges Konzentrat Liquid \u00fcberzeugt durch seine <strong data-start=\"185\" data-end=\"217\">reine und intensive Qualit\u00e4t<\/strong>. Es wurde sorgf\u00e4ltig entwickelt, um ein besonders klares und ausgewogenes Geschmackserlebnis zu bieten.<\/p>\n<p data-start=\"323\" data-end=\"467\">Das Konzentrat ist <strong data-start=\"342\" data-end=\"359\">sehr ergiebig<\/strong> und eignet sich ideal zum individuellen Mischen. Bereits eine geringe Menge sorgt f\u00fcr ein intensives Aroma.<\/p>\n<p data-start=\"469\" data-end=\"555\"><strong data-start=\"469\" data-end=\"501\">Empfohlenes Mischverh\u00e4ltnis:<\/strong><br data-start=\"501\" data-end=\"504\" \/>10\u201320 % Konzentrat (je nach gew\u00fcnschter Intensit\u00e4t)<\/p>\n<p data-start=\"557\" data-end=\"574\"><strong data-start=\"557\" data-end=\"574\">Eigenschaften<\/strong><\/p>\n<ul data-start=\"576\" data-end=\"693\">\n<li data-section-id=\"1bvq56y\" data-start=\"576\" data-end=\"601\">\n<p data-start=\"578\" data-end=\"601\">Hochreines Konzentrat<\/p>\n<\/li>\n<li data-section-id=\"1b7h105\" data-start=\"602\" data-end=\"626\">\n<p data-start=\"604\" data-end=\"626\">Intensiver Geschmack<\/p>\n<\/li>\n<li data-section-id=\"jg4hg4\" data-start=\"627\" data-end=\"644\">\n<p data-start=\"629\" data-end=\"644\">Sehr ergiebig<\/p>\n<\/li>\n<li data-section-id=\"1omz7y1\" data-start=\"645\" data-end=\"667\">\n<p data-start=\"647\" data-end=\"667\">Einfache Dosierung<\/p>\n<\/li>\n<li data-section-id=\"14y0oqv\" data-start=\"668\" data-end=\"693\">\n<p data-start=\"670\" data-end=\"693\">Ideal zum Selbstmischen<\/p>\n<\/li>\n<\/ul>\n<p data-start=\"695\" data-end=\"825\">Mit unserem Konzentrat kannst du dein Liquid ganz nach deinen eigenen Vorlieben anpassen und die Intensit\u00e4t individuell bestimmen.<\/p>","protected":false},"excerpt":{"rendered":"<p>Reines, intensives RC-Konzentrat f\u00fcr ein klares und kr\u00e4ftiges Geschmackserlebnis. Einfach zu dosieren und besonders ergiebig. Mischverh\u00e4ltnis: 10\u201320 %<\/p>","protected":false},"featured_media":102,"comment_status":"open","ping_status":"closed","template":"","meta":{"_uag_custom_page_level_css":"","_monsterinsights_skip_tracking":false,"_monsterinsights_sitenote_active":false,"_monsterinsights_sitenote_note":"","_monsterinsights_sitenote_category":0,"_themeisle_gutenberg_block_has_review":false},"product_brand":[],"product_cat":[34],"product_tag":[35,36],"class_list":{"0":"post-67","1":"product","2":"type-product","3":"status-publish","4":"has-post-thumbnail","6":"product_cat-rc-konzentrate","7":"product_tag-c-liquid","8":"product_tag-liquid","10":"first","11":"instock","12":"sale","13":"shipping-taxable","14":"purchasable","15":"product-type-variable"},"uagb_featured_image_src":{"full":["https:\/\/tutti-rc-liquids.shop\/wp-content\/uploads\/2026\/03\/ChatGPT-Image-13.-Maerz-2026-19_12_39.png",1024,1536,false],"thumbnail":["https:\/\/tutti-rc-liquids.shop\/wp-content\/uploads\/2026\/03\/ChatGPT-Image-13.-Maerz-2026-19_12_39-150x150.png",150,150,true],"medium":["https:\/\/tutti-rc-liquids.shop\/wp-content\/uploads\/2026\/03\/ChatGPT-Image-13.-Maerz-2026-19_12_39-200x300.png",200,300,true],"medium_large":["https:\/\/tutti-rc-liquids.shop\/wp-content\/uploads\/2026\/03\/ChatGPT-Image-13.-Maerz-2026-19_12_39-768x1152.png",768,1152,true],"large":["https:\/\/tutti-rc-liquids.shop\/wp-content\/uploads\/2026\/03\/ChatGPT-Image-13.-Maerz-2026-19_12_39-683x1024.png",683,1024,true],"1536x1536":["https:\/\/tutti-rc-liquids.shop\/wp-content\/uploads\/2026\/03\/ChatGPT-Image-13.-Maerz-2026-19_12_39.png",1024,1536,false],"2048x2048":["https:\/\/tutti-rc-liquids.shop\/wp-content\/uploads\/2026\/03\/ChatGPT-Image-13.-Maerz-2026-19_12_39.png",1024,1536,false],"trp-custom-language-flag":["https:\/\/tutti-rc-liquids.shop\/wp-content\/uploads\/2026\/03\/ChatGPT-Image-13.-Maerz-2026-19_12_39-8x12.png",8,12,true],"mailpoet_newsletter_max":["https:\/\/tutti-rc-liquids.shop\/wp-content\/uploads\/2026\/03\/ChatGPT-Image-13.-Maerz-2026-19_12_39.png",1024,1536,false],"woocommerce_thumbnail":["https:\/\/tutti-rc-liquids.shop\/wp-content\/uploads\/2026\/03\/ChatGPT-Image-13.-Maerz-2026-19_12_39-300x300.png",300,300,true],"woocommerce_single":["https:\/\/tutti-rc-liquids.shop\/wp-content\/uploads\/2026\/03\/ChatGPT-Image-13.-Maerz-2026-19_12_39-600x900.png",600,900,true],"woocommerce_gallery_thumbnail":["https:\/\/tutti-rc-liquids.shop\/wp-content\/uploads\/2026\/03\/ChatGPT-Image-13.-Maerz-2026-19_12_39-100x100.png",100,100,true]},"uagb_author_info":{"display_name":"TuttiRC","author_link":"https:\/\/tutti-rc-liquids.shop\/en\/author\/"},"uagb_comment_info":0,"uagb_excerpt":"Reines, intensives RC-Konzentrat f\u00fcr ein klares und kr\u00e4ftiges Geschmackserlebnis. Einfach zu dosieren und besonders ergiebig. Mischverh\u00e4ltnis: 10\u201320 %","jetpack_sharing_enabled":true,"_links":{"self":[{"href":"https:\/\/tutti-rc-liquids.shop\/en\/wp-json\/wp\/v2\/product\/67","targetHints":{"allow":["GET"]}}],"collection":[{"href":"https:\/\/tutti-rc-liquids.shop\/en\/wp-json\/wp\/v2\/product"}],"about":[{"href":"https:\/\/tutti-rc-liquids.shop\/en\/wp-json\/wp\/v2\/types\/product"}],"replies":[{"embeddable":true,"href":"https:\/\/tutti-rc-liquids.shop\/en\/wp-json\/wp\/v2\/comments?post=67"}],"wp:featuredmedia":[{"embeddable":true,"href":"https:\/\/tutti-rc-liquids.shop\/en\/wp-json\/wp\/v2\/media\/102"}],"wp:attachment":[{"href":"https:\/\/tutti-rc-liquids.shop\/en\/wp-json\/wp\/v2\/media?parent=67"}],"wp:term":[{"taxonomy":"product_brand","embeddable":true,"href":"https:\/\/tutti-rc-liquids.shop\/en\/wp-json\/wp\/v2\/product_brand?post=67"},{"taxonomy":"product_cat","embeddable":true,"href":"https:\/\/tutti-rc-liquids.shop\/en\/wp-json\/wp\/v2\/product_cat?post=67"},{"taxonomy":"product_tag","embeddable":true,"href":"https:\/\/tutti-rc-liquids.shop\/en\/wp-json\/wp\/v2\/product_tag?post=67"}],"curies":[{"name":"wp","href":"https:\/\/api.w.org\/{rel}","templated":true}]}}