{"id":8121,"date":"2026-03-29T09:52:30","date_gmt":"2026-03-29T09:52:30","guid":{"rendered":"https:\/\/tutti-rc-liquids.shop\/?post_type=product&#038;p=8121"},"modified":"2026-04-19T20:33:15","modified_gmt":"2026-04-19T20:33:15","slug":"apfelkiwilimefertigliquid","status":"publish","type":"product","link":"https:\/\/tutti-rc-liquids.shop\/en\/product\/apfelkiwilimefertigliquid\/","title":{"rendered":"Apfel, Kiwi &#038; Lime Fertig Liquid"},"content":{"rendered":"<p data-start=\"164\" data-end=\"363\">Unser hochwertiges Liquid bietet ein besonders klares und intensives Geschmackserlebnis. Die sorgf\u00e4ltig abgestimmte Rezeptur sorgt f\u00fcr ein ausgewogenes Aroma und eine angenehme Frische bei jedem Zug.<\/p>\n<p data-start=\"365\" data-end=\"626\">Das Liquid ist <strong data-start=\"380\" data-end=\"403\">bereits dampfbereit<\/strong> und enth\u00e4lt <strong data-start=\"416\" data-end=\"436\">20 % Wirkstoffanteil<\/strong>, wodurch ein intensiver und vollmundiger Geschmack entsteht. Durch die hochwertige Zusammensetzung entfaltet sich das Aroma gleichm\u00e4\u00dfig und sorgt f\u00fcr ein dauerhaft angenehmes Dampferlebnis.<\/p>\n<h3 data-section-id=\"wokb3\" data-start=\"633\" data-end=\"668\">Aroma \u2013 Gr\u00fcner Frucht-Mix mit Minze<\/h3>\n<p>Tauche ein in ein einzigartiges Geschmackserlebnis mit gr\u00fcnem <strong>Apfel, Kiwi und Limette<\/strong>, erg\u00e4nzt durch einen subtilen <strong>Hauch frischer Minze<\/strong>. Das Ergebnis ist ein lebendiger, leicht s\u00fc\u00df-s\u00e4uerlicher und erfrischend k\u00fchler Dampf, der besonders Liebhaber fruchtiger und frischer Aromen begeistert.<\/p>\n<p data-start=\"864\" data-end=\"1031\">\n<h3 data-section-id=\"1ipx0cm\" data-start=\"1038\" data-end=\"1055\">Eigenschaften<\/h3>\n<ul data-start=\"1057\" data-end=\"1259\">\n<li data-section-id=\"1wps21z\" data-start=\"1057\" data-end=\"1081\">\n<p data-start=\"1059\" data-end=\"1081\">Dampffertiges Liquid<\/p>\n<\/li>\n<li data-section-id=\"1fv1nrh\" data-start=\"1082\" data-end=\"1131\">\n<p data-start=\"1084\" data-end=\"1131\"><strong data-start=\"1084\" data-end=\"1104\">20 % Wirkstoffanteil <\/strong>f\u00fcr intensiven Kick<\/p>\n<\/li>\n<li data-section-id=\"alu95t\" data-start=\"1132\" data-end=\"1194\">\n<p data-start=\"1134\" data-end=\"1194\">\u00a0Geschmackserlebnis mit gr\u00fcnem <strong>Apfel, Kiwi und Limette.<\/strong><\/p>\n<\/li>\n<li data-section-id=\"1ucbhui\" data-start=\"1195\" data-end=\"1234\">\n<p data-start=\"1197\" data-end=\"1234\">Angenehm ausgewogenes Dampferlebnis<\/p>\n<\/li>\n<li data-section-id=\"129k7dc\" data-start=\"1235\" data-end=\"1259\">\n<p data-start=\"1237\" data-end=\"1259\">Hochwertige Rezeptur<\/p>\n<\/li>\n<\/ul>","protected":false},"excerpt":{"rendered":"<p data-start=\"130\" data-end=\"435\">Unser hochwertiges, dampffertiges Liquid \u00fcberzeugt durch ein klares und intensives Geschmackserlebnis. Die sorgf\u00e4ltig abgestimmte Rezeptur sorgt f\u00fcr ein ausgewogenes Aroma und eine angenehme Frische bei jedem Zug. Mit <strong data-start=\"348\" data-end=\"372\">20 % Wirkstoffanteil<\/strong> bietet das Liquid einen intensiven und vollmundigen Geschmack.<\/p>\n<p data-start=\"437\" data-end=\"735\">Das Aroma kombiniert <strong>Apfel, Kiwi und Limette,<\/strong> zu einem lebendigen Frucht Mix, das durch eine kraftvolle Frische perfekt abgerundet wird. Das Ergebnis ist ein <strong data-start=\"610\" data-end=\"668\">spritziger, leicht s\u00fc\u00dflicher und erfrischender Dampf<\/strong>, ideal f\u00fcr Liebhaber intensiver und frischer Geschmacksrichtungen.<\/p>","protected":false},"featured_media":8128,"comment_status":"open","ping_status":"closed","template":"","meta":{"_uag_custom_page_level_css":"","_monsterinsights_skip_tracking":false,"_monsterinsights_sitenote_active":false,"_monsterinsights_sitenote_note":"","_monsterinsights_sitenote_category":0,"_themeisle_gutenberg_block_has_review":false},"product_brand":[],"product_cat":[39],"product_tag":[35,36],"class_list":{"0":"post-8121","1":"product","2":"type-product","3":"status-publish","4":"has-post-thumbnail","6":"product_cat-fertig-liquids","7":"product_tag-c-liquid","8":"product_tag-liquid","10":"first","11":"instock","12":"sale","13":"shipping-taxable","14":"purchasable","15":"product-type-variable"},"uagb_featured_image_src":{"full":["https:\/\/tutti-rc-liquids.shop\/wp-content\/uploads\/2026\/03\/Apfel-KIWI.png",1024,1536,false],"thumbnail":["https:\/\/tutti-rc-liquids.shop\/wp-content\/uploads\/2026\/03\/Apfel-KIWI-150x150.png",150,150,true],"medium":["https:\/\/tutti-rc-liquids.shop\/wp-content\/uploads\/2026\/03\/Apfel-KIWI-200x300.png",200,300,true],"medium_large":["https:\/\/tutti-rc-liquids.shop\/wp-content\/uploads\/2026\/03\/Apfel-KIWI-768x1152.png",768,1152,true],"large":["https:\/\/tutti-rc-liquids.shop\/wp-content\/uploads\/2026\/03\/Apfel-KIWI-683x1024.png",683,1024,true],"1536x1536":["https:\/\/tutti-rc-liquids.shop\/wp-content\/uploads\/2026\/03\/Apfel-KIWI.png",1024,1536,false],"2048x2048":["https:\/\/tutti-rc-liquids.shop\/wp-content\/uploads\/2026\/03\/Apfel-KIWI.png",1024,1536,false],"trp-custom-language-flag":["https:\/\/tutti-rc-liquids.shop\/wp-content\/uploads\/2026\/03\/Apfel-KIWI-8x12.png",8,12,true],"mailpoet_newsletter_max":["https:\/\/tutti-rc-liquids.shop\/wp-content\/uploads\/2026\/03\/Apfel-KIWI.png",1024,1536,false],"woocommerce_thumbnail":["https:\/\/tutti-rc-liquids.shop\/wp-content\/uploads\/2026\/03\/Apfel-KIWI-300x300.png",300,300,true],"woocommerce_single":["https:\/\/tutti-rc-liquids.shop\/wp-content\/uploads\/2026\/03\/Apfel-KIWI-600x900.png",600,900,true],"woocommerce_gallery_thumbnail":["https:\/\/tutti-rc-liquids.shop\/wp-content\/uploads\/2026\/03\/Apfel-KIWI-100x100.png",100,100,true]},"uagb_author_info":{"display_name":"TuttiRC","author_link":"https:\/\/tutti-rc-liquids.shop\/en\/author\/"},"uagb_comment_info":2,"uagb_excerpt":"Unser hochwertiges, dampffertiges Liquid \u00fcberzeugt durch ein klares und intensives Geschmackserlebnis. Die sorgf\u00e4ltig abgestimmte Rezeptur sorgt f\u00fcr ein ausgewogenes Aroma und eine angenehme Frische bei jedem Zug. Mit 20 % Wirkstoffanteil bietet das Liquid einen intensiven und vollmundigen Geschmack. Das Aroma kombiniert Apfel, Kiwi und Limette, zu einem lebendigen Frucht Mix, das durch eine kraftvolle&hellip;","jetpack_sharing_enabled":true,"_links":{"self":[{"href":"https:\/\/tutti-rc-liquids.shop\/en\/wp-json\/wp\/v2\/product\/8121","targetHints":{"allow":["GET"]}}],"collection":[{"href":"https:\/\/tutti-rc-liquids.shop\/en\/wp-json\/wp\/v2\/product"}],"about":[{"href":"https:\/\/tutti-rc-liquids.shop\/en\/wp-json\/wp\/v2\/types\/product"}],"replies":[{"embeddable":true,"href":"https:\/\/tutti-rc-liquids.shop\/en\/wp-json\/wp\/v2\/comments?post=8121"}],"wp:featuredmedia":[{"embeddable":true,"href":"https:\/\/tutti-rc-liquids.shop\/en\/wp-json\/wp\/v2\/media\/8128"}],"wp:attachment":[{"href":"https:\/\/tutti-rc-liquids.shop\/en\/wp-json\/wp\/v2\/media?parent=8121"}],"wp:term":[{"taxonomy":"product_brand","embeddable":true,"href":"https:\/\/tutti-rc-liquids.shop\/en\/wp-json\/wp\/v2\/product_brand?post=8121"},{"taxonomy":"product_cat","embeddable":true,"href":"https:\/\/tutti-rc-liquids.shop\/en\/wp-json\/wp\/v2\/product_cat?post=8121"},{"taxonomy":"product_tag","embeddable":true,"href":"https:\/\/tutti-rc-liquids.shop\/en\/wp-json\/wp\/v2\/product_tag?post=8121"}],"curies":[{"name":"wp","href":"https:\/\/api.w.org\/{rel}","templated":true}]}}